{"id":30,"date":"2019-01-11T14:53:34","date_gmt":"2019-01-11T13:53:34","guid":{"rendered":"https:\/\/test.parkingcentrum.cz\/?page_id=30"},"modified":"2020-11-23T17:09:02","modified_gmt":"2020-11-23T16:09:02","slug":"provozni-rady","status":"publish","type":"page","link":"https:\/\/www.parkingcentrum.cz\/de\/provozni-rady\/","title":{"rendered":"BETRIEBSREGELN"},"content":{"rendered":"<ul>\n<li><a href=\"\/wp-content\/uploads\/2019\/01\/7-2023-provozni-rad-holesovice-9.00-21.00.pdf\" target=\"_blank\" rel=\"noopener\">Betriebsregeln\u00a0Hole\u0161ovice<\/a><\/li>\n<li><a href=\"\/wp-content\/uploads\/2019\/01\/7-754-provozni-rad-masarykovo-n..pdf\" target=\"_blank\" rel=\"noopener\">Betriebsregeln von Masarykovo n\u00e1dra\u017e\u00ed<\/a><\/li>\n<\/ul>\n","protected":false},"excerpt":{"rendered":"<p>Betriebsregeln\u00a0Hole\u0161ovice Betriebsregeln von Masarykovo n\u00e1dra\u017e\u00ed<\/p>\n","protected":false},"author":1,"featured_media":0,"parent":0,"menu_order":0,"comment_status":"closed","ping_status":"closed","template":"","meta":{"footnotes":""},"class_list":["post-30","page","type-page","status-publish","hentry"],"translation":{"provider":"WPGlobus","version":"3.0.2","language":"de","enabled_languages":["cz","en","de","ru"],"languages":{"cz":{"title":true,"content":true,"excerpt":false},"en":{"title":true,"content":true,"excerpt":false},"de":{"title":true,"content":true,"excerpt":false},"ru":{"title":true,"content":true,"excerpt":false}}},"_links":{"self":[{"href":"https:\/\/www.parkingcentrum.cz\/de\/wp-json\/wp\/v2\/pages\/30","targetHints":{"allow":["GET"]}}],"collection":[{"href":"https:\/\/www.parkingcentrum.cz\/de\/wp-json\/wp\/v2\/pages"}],"about":[{"href":"https:\/\/www.parkingcentrum.cz\/de\/wp-json\/wp\/v2\/types\/page"}],"author":[{"embeddable":true,"href":"https:\/\/www.parkingcentrum.cz\/de\/wp-json\/wp\/v2\/users\/1"}],"replies":[{"embeddable":true,"href":"https:\/\/www.parkingcentrum.cz\/de\/wp-json\/wp\/v2\/comments?post=30"}],"version-history":[{"count":21,"href":"https:\/\/www.parkingcentrum.cz\/de\/wp-json\/wp\/v2\/pages\/30\/revisions"}],"predecessor-version":[{"id":807,"href":"https:\/\/www.parkingcentrum.cz\/de\/wp-json\/wp\/v2\/pages\/30\/revisions\/807"}],"wp:attachment":[{"href":"https:\/\/www.parkingcentrum.cz\/de\/wp-json\/wp\/v2\/media?parent=30"}],"curies":[{"name":"wp","href":"https:\/\/api.w.org\/{rel}","templated":true}]}}