{"id":60,"date":"2019-01-11T15:29:53","date_gmt":"2019-01-11T14:29:53","guid":{"rendered":"https:\/\/test.parkingcentrum.cz\/?page_id=60"},"modified":"2023-03-17T15:19:06","modified_gmt":"2023-03-17T14:19:06","slug":"aktuality","status":"publish","type":"page","link":"https:\/\/www.parkingcentrum.cz\/de\/aktuality\/","title":{"rendered":"."},"content":{"rendered":"<\/p>\n<p style=\"text-align: center;\">V dob\u011b kon\u00e1n\u00ed akc\u00ed v O2 Ar\u00e9n\u011b v Praze 9 je n\u00e1v\u0161t\u011bvn\u00edk\u016fm k dispozici parkovac\u00ed plocha v bl\u00edzkosti O2 ar\u00e9ny. Vjezd a v\u00fdjezd z are\u00e1lu parkovi\u0161t\u011b je zcela plynul\u00fd. Zde odkaz:\u00a0<\/p>\n<p style=\"text-align: center;\"><a href=\"https:\/\/www.parkingcentrum.cz\/parkovani-o2-arena\/\"><strong>PARKOV\u00c1N\u00cd O2 AR\u00c9NA\u00a0<\/strong><\/a><\/p>\n<hr \/>\n<p style=\"text-align: center;\">Pro bli\u017e\u0161\u00ed informace n\u00e1s kontaktujte na tel.: 602 680 405 nebo e-mailem: tomas@parkingcentrum.cz<\/p>\n\n\n<p><\/p>\n\n\n<p>","protected":false},"excerpt":{"rendered":"<p>V dob\u011b kon\u00e1n\u00ed akc\u00ed v O2 Ar\u00e9n\u011b v Praze 9 je n\u00e1v\u0161t\u011bvn\u00edk\u016fm k dispozici parkovac\u00ed plocha v bl\u00edzkosti O2 ar\u00e9ny. Vjezd a v\u00fdjezd z are\u00e1lu parkovi\u0161t\u011b je zcela plynul\u00fd. Zde odkaz:\u00a0 PARKOV\u00c1N\u00cd O2 AR\u00c9NA\u00a0 Pro bli\u017e\u0161\u00ed informace n\u00e1s kontaktujte na tel.: 602 680 405 nebo e-mailem: tomas@parkingcentrum.cz<\/p>\n","protected":false},"author":1,"featured_media":0,"parent":0,"menu_order":0,"comment_status":"closed","ping_status":"closed","template":"","meta":{"footnotes":""},"class_list":["post-60","page","type-page","status-publish","hentry"],"translation":{"provider":"WPGlobus","version":"3.0.2","language":"de","enabled_languages":["cz","en","de","ru"],"languages":{"cz":{"title":true,"content":true,"excerpt":false},"en":{"title":true,"content":false,"excerpt":false},"de":{"title":true,"content":false,"excerpt":false},"ru":{"title":true,"content":true,"excerpt":false}}},"_links":{"self":[{"href":"https:\/\/www.parkingcentrum.cz\/de\/wp-json\/wp\/v2\/pages\/60","targetHints":{"allow":["GET"]}}],"collection":[{"href":"https:\/\/www.parkingcentrum.cz\/de\/wp-json\/wp\/v2\/pages"}],"about":[{"href":"https:\/\/www.parkingcentrum.cz\/de\/wp-json\/wp\/v2\/types\/page"}],"author":[{"embeddable":true,"href":"https:\/\/www.parkingcentrum.cz\/de\/wp-json\/wp\/v2\/users\/1"}],"replies":[{"embeddable":true,"href":"https:\/\/www.parkingcentrum.cz\/de\/wp-json\/wp\/v2\/comments?post=60"}],"version-history":[{"count":33,"href":"https:\/\/www.parkingcentrum.cz\/de\/wp-json\/wp\/v2\/pages\/60\/revisions"}],"predecessor-version":[{"id":900,"href":"https:\/\/www.parkingcentrum.cz\/de\/wp-json\/wp\/v2\/pages\/60\/revisions\/900"}],"wp:attachment":[{"href":"https:\/\/www.parkingcentrum.cz\/de\/wp-json\/wp\/v2\/media?parent=60"}],"curies":[{"name":"wp","href":"https:\/\/api.w.org\/{rel}","templated":true}]}}