{"id":8,"date":"2019-01-11T14:49:24","date_gmt":"2019-01-11T13:49:24","guid":{"rendered":"https:\/\/test.parkingcentrum.cz\/?page_id=8"},"modified":"2023-03-17T15:13:53","modified_gmt":"2023-03-17T14:13:53","slug":"domu","status":"publish","type":"page","link":"https:\/\/www.parkingcentrum.cz\/de\/domu\/","title":{"rendered":"\u00dcBER UNS"},"content":{"rendered":"<p>BROKBEST Praha spol. s.r.o. ist der Betreiber der Parkpl\u00e4tze in Prag 1 in der Gegend und Masaryk-Bahnhof in Prag 7 Hole\u0161ovice nahe den Bahnhof und U-Bahn-C Parken ist mit Non-Stop-Betrieb und einem Kamerasystem \u00fcberwacht und sowohl kurz- als auch langfristigen Parkpl\u00e4tze f\u00fcr Autos und LKWs und Busse zur Verf\u00fcgung stellen. F\u00fcr Kurzzeitparkpl\u00e4tze k\u00f6nnen als diejenigen angesehen werden, die \u00fcber einen Zeitraum von 30 aufeinander folgenden Tagen nicht \u00fcberschreiten.<\/p>\n<p><strong>Beide Parkpl\u00e4tze arbeiten im Non-Stop-Modus.<br \/>\n<\/strong><\/p>\n<p><strong>Parkplatz Praha 1 &#8211;<\/strong> U Bulhara liegt in der N\u00e4he Masaryk-Bahnhof und liegt nur 10 Gehminuten vom Wenzelsplatz und 3 Minuten von der U-Bahn B &#8211; Platz der Republik. Der Parkplatz befindet sich auf der Stra\u00dfe Hybernsk\u00e1 <a href=\"https:\/\/goo.gl\/maps\/7ogqSUktBEr\" target=\"_blank\" rel=\"noopener\">sehen. Karte.<\/a> Parkplatz bietet 70 Parkpl\u00e4tze auf Parkpl\u00e4tze, die teilweise durch den K\u00f6rper Arterie bedeckt sind. Die Pl\u00e4tze sind unadressierte.<\/p>\n<p><strong>Parkplatz Praha 7<\/strong> \u2013 Jankovcova Stra\u00dfe nur 2 Minuten zu Fu\u00df vom U-Bahn C &#8211; Hole\u0161ovice und bietet Parkpl\u00e4tze f\u00fcr 30 \u00fcberdachte Parkpl\u00e4tze zu <a href=\"https:\/\/maps.google.cz\/maps?q=Jankovcova,+Hole%C5%A1ovice,+Praha-Praha+7&amp;hl=cs&amp;ie=UTF8&amp;ll=50.108621,14.442494&amp;spn=0.004569,0.011351&amp;sll=50.05967,14.465624&amp;sspn=0.292703,0.726471&amp;oq=Jankovcova&amp;t=h&amp;brcurrent=5,0,0&amp;hq=Jankovcova,&amp;hnear=Hole%C5%A1ovice,+Praha&amp;z=17&amp;layer=c&amp;cbll=50.108713,14.442607&amp;panoid=mZomQSRIPOFO0ERIcTZ3iw&amp;cbp=12,162.42,,0,0\" target=\"_blank\" rel=\"noopener\">sehen. Karte.<\/a> Der Parkplatz befindet sich auf der Stra\u00dfe Jankovcova. Die Pl\u00e4tze sind unadressierte.<\/p>\n","protected":false},"excerpt":{"rendered":"<p>BROKBEST Praha spol. s.r.o. ist der Betreiber der Parkpl\u00e4tze in Prag 1 in der Gegend und Masaryk-Bahnhof in Prag 7 Hole\u0161ovice nahe den Bahnhof und U-Bahn-C Parken ist mit Non-Stop-Betrieb und einem Kamerasystem \u00fcberwacht und sowohl kurz- als auch langfristigen Parkpl\u00e4tze f\u00fcr Autos und LKWs und Busse zur Verf\u00fcgung stellen. F\u00fcr Kurzzeitparkpl\u00e4tze k\u00f6nnen als diejenigen &hellip; <\/p>\n<p class=\"link-more\"><a href=\"https:\/\/www.parkingcentrum.cz\/de\/domu\/\" class=\"more-link\">Continue reading<span class=\"screen-reader-text\"> &#8220;\u00dcBER UNS&#8221;<\/span><\/a><\/p>\n","protected":false},"author":1,"featured_media":0,"parent":0,"menu_order":0,"comment_status":"closed","ping_status":"closed","template":"","meta":{"footnotes":""},"class_list":["post-8","page","type-page","status-publish","hentry"],"translation":{"provider":"WPGlobus","version":"3.0.2","language":"de","enabled_languages":["cz","en","de","ru"],"languages":{"cz":{"title":true,"content":true,"excerpt":false},"en":{"title":true,"content":true,"excerpt":false},"de":{"title":true,"content":true,"excerpt":false},"ru":{"title":true,"content":true,"excerpt":false}}},"_links":{"self":[{"href":"https:\/\/www.parkingcentrum.cz\/de\/wp-json\/wp\/v2\/pages\/8","targetHints":{"allow":["GET"]}}],"collection":[{"href":"https:\/\/www.parkingcentrum.cz\/de\/wp-json\/wp\/v2\/pages"}],"about":[{"href":"https:\/\/www.parkingcentrum.cz\/de\/wp-json\/wp\/v2\/types\/page"}],"author":[{"embeddable":true,"href":"https:\/\/www.parkingcentrum.cz\/de\/wp-json\/wp\/v2\/users\/1"}],"replies":[{"embeddable":true,"href":"https:\/\/www.parkingcentrum.cz\/de\/wp-json\/wp\/v2\/comments?post=8"}],"version-history":[{"count":65,"href":"https:\/\/www.parkingcentrum.cz\/de\/wp-json\/wp\/v2\/pages\/8\/revisions"}],"predecessor-version":[{"id":894,"href":"https:\/\/www.parkingcentrum.cz\/de\/wp-json\/wp\/v2\/pages\/8\/revisions\/894"}],"wp:attachment":[{"href":"https:\/\/www.parkingcentrum.cz\/de\/wp-json\/wp\/v2\/media?parent=8"}],"curies":[{"name":"wp","href":"https:\/\/api.w.org\/{rel}","templated":true}]}}