{"id":45,"date":"2019-01-11T15:05:01","date_gmt":"2019-01-11T14:05:01","guid":{"rendered":"https:\/\/test.parkingcentrum.cz\/?page_id=45"},"modified":"2022-12-30T21:32:46","modified_gmt":"2022-12-30T20:32:46","slug":"ceniky","status":"publish","type":"page","link":"https:\/\/www.parkingcentrum.cz\/en\/ceniky\/","title":{"rendered":"PRICES"},"content":{"rendered":"<p><\/p>\r\n<p><a href=\"\/en\/cenik-holesovice-jankovcova\/\">PRICE LIST &#8211; Hole\u0161ovice<\/a><\/p>\r\n<p><\/p>\r\n<p><\/p>\r\n<p><a href=\"\/en\/cenik\/\">PRICE LIST &#8211; Masarykovo n\u00e1dra\u017e\u00ed<\/a><\/p>\r\n<p><\/p>\r\n<p><\/p>\r\n<p><a href=\"https:\/\/www.parkingcentrum.cz\/cenik-praha-9-stara-spojovaci-2\/\">PRICE LIST &#8211; Prague 8 &#8211; Libe\u0148<\/a><\/p>\r\n<p>&nbsp;<\/p>\r\n<p><\/p>","protected":false},"excerpt":{"rendered":"<p>PRICE LIST &#8211; Hole\u0161ovice PRICE LIST &#8211; Masarykovo n\u00e1dra\u017e\u00ed PRICE LIST &#8211; Prague 8 &#8211; Libe\u0148 &nbsp;<\/p>\n","protected":false},"author":1,"featured_media":0,"parent":0,"menu_order":0,"comment_status":"closed","ping_status":"closed","template":"","meta":{"footnotes":""},"class_list":["post-45","page","type-page","status-publish","hentry"],"translation":{"provider":"WPGlobus","version":"3.0.2","language":"en","enabled_languages":["cz","en","de","ru"],"languages":{"cz":{"title":true,"content":true,"excerpt":false},"en":{"title":true,"content":true,"excerpt":false},"de":{"title":true,"content":true,"excerpt":false},"ru":{"title":true,"content":true,"excerpt":false}}},"_links":{"self":[{"href":"https:\/\/www.parkingcentrum.cz\/en\/wp-json\/wp\/v2\/pages\/45","targetHints":{"allow":["GET"]}}],"collection":[{"href":"https:\/\/www.parkingcentrum.cz\/en\/wp-json\/wp\/v2\/pages"}],"about":[{"href":"https:\/\/www.parkingcentrum.cz\/en\/wp-json\/wp\/v2\/types\/page"}],"author":[{"embeddable":true,"href":"https:\/\/www.parkingcentrum.cz\/en\/wp-json\/wp\/v2\/users\/1"}],"replies":[{"embeddable":true,"href":"https:\/\/www.parkingcentrum.cz\/en\/wp-json\/wp\/v2\/comments?post=45"}],"version-history":[{"count":40,"href":"https:\/\/www.parkingcentrum.cz\/en\/wp-json\/wp\/v2\/pages\/45\/revisions"}],"predecessor-version":[{"id":875,"href":"https:\/\/www.parkingcentrum.cz\/en\/wp-json\/wp\/v2\/pages\/45\/revisions\/875"}],"wp:attachment":[{"href":"https:\/\/www.parkingcentrum.cz\/en\/wp-json\/wp\/v2\/media?parent=45"}],"curies":[{"name":"wp","href":"https:\/\/api.w.org\/{rel}","templated":true}]}}