{"id":487,"date":"2020-11-23T16:54:39","date_gmt":"2020-11-23T15:54:39","guid":{"rendered":"https:\/\/www.parkingcentrum.cz\/?page_id=487"},"modified":"2026-01-02T08:08:28","modified_gmt":"2026-01-02T07:08:28","slug":"parkoviste-hradcanska-praha-6","status":"publish","type":"page","link":"https:\/\/www.parkingcentrum.cz\/en\/","title":{"rendered":"Parkovi\u0161t\u011b Hrad\u010dansk\u00e1 &#8211; Praha 6"},"content":{"rendered":"<p style=\"text-align: center;\"><strong>Parkovi\u0161t\u011b Praha 6 \u2013<\/strong>\u00a0(ulice\u00a0<em>V\u00e1clavkova<\/em>) t\u011bsn\u011b p\u0159il\u00e9h\u00e1 k zast\u00e1vce metra Hrad\u010dansk\u00e1 (1 min. ch\u016fze) <strong>\u00a0<a title=\"parkov\u00e1n\u00ed - Masarykovo n\u00e1dra\u017e\u00ed\" href=\"https:\/\/www.google.cz\/maps\/@50.0974576,14.4003431,3a,75y,128.62h,81.17t\/data=!3m6!1e1!3m4!1skVcO_PduxeD9UUpOBEdoxQ!2e0!7i16384!8i8192\" target=\"_blank\" rel=\"noopener noreferrer\">viz. Mapa<\/a>\u00a0<\/strong>a nach\u00e1z\u00ed se 10 min. ch\u016fze od Pra\u017esk\u00e9ho hradu. Parkovi\u0161t\u011b poskytuje 100 parkovac\u00edch m\u00edst. Vjezd na parkovi\u0161t\u011b je z ulice V\u00e1clavkova.\u00a0<\/p>\n<p style=\"text-align: center;\">Parkovi\u0161t\u011b otev\u0159eno <strong>NON-STOP<\/strong><\/p>\n<p style=\"text-align: center;\">CEN\u00cdK PLATN\u00dd OD 1.1.2026<\/p>\n<p style=\"text-align: center;\">V P\u0158\u00cdPAD\u011a DOTAZ\u016e VOLEJTE NA 602 680 405<\/p>\n<table class=\"wp-block-table\" style=\"height: 1404px;\" width=\"708\">\n<tbody>\n<tr>\n<td>Kr\u00e1tkodob\u00e9<br \/>parkov\u00e1n\u00ed<\/td>\n<td><strong>Doba parkov\u00e1n\u00ed<\/strong><\/td>\n<td><strong>Typ vozidla<\/strong><\/td>\n<td><strong>Cena s DPH<\/strong><\/td>\n<\/tr>\n<tr>\n<td>\u00a0<\/td>\n<td>1 hodina<\/td>\n<td>\n<p>Osobn\u00ed automobil\/ Motocykl<\/p>\n<hr \/>\n<p>Dod\u00e1vka\/ Van\u00a0 \u00a0 \u00a0 \u00a0 \u00a0<\/p>\n<hr \/>\n<p>Autobus\/ Bus\u00a0 \u00a0<\/p>\n<\/td>\n<td>\n<p>60,-K\u010c<\/p>\n<p>&nbsp;<\/p>\n<p>\u00a070,-K\u010c<\/p>\n<p>&nbsp;<\/p>\n<p>150,-K\u010c<\/p>\n<\/td>\n<\/tr>\n<tr>\n<td>\u00a0<\/td>\n<td>07:00-19:00<\/td>\n<td>\n<p>Osobn\u00ed automobil\/ Motocykl<\/p>\n<hr \/>\n<p>Dod\u00e1vka\/ Van<\/p>\n<\/td>\n<td>\n<p style=\"text-align: right;\">360,-K\u010c<\/p>\n<p>&nbsp;<\/p>\n<p style=\"text-align: right;\">420,-K\u010c<\/p>\n<\/td>\n<\/tr>\n<tr>\n<td>\u00a0<\/td>\n<td>19:00-07:00<\/td>\n<td>\n<p>Osobn\u00ed automobil\/ Motocykl<\/p>\n<hr \/>\n<p>Dod\u00e1vka\/ Van<\/p>\n<\/td>\n<td>\n<p style=\"text-align: right;\">240,-K\u010c<\/p>\n<p>&nbsp;<\/p>\n<p style=\"text-align: right;\">280,-K\u010c<\/p>\n<\/td>\n<\/tr>\n<tr>\n<td>\u00a0<\/td>\n<td>\u00a0<\/td>\n<td>\u00a0<\/td>\n<td>\u00a0<\/td>\n<\/tr>\n<tr>\n<td>Dlouhodob\u00e9<br \/>parkov\u00e1n\u00ed<\/td>\n<td><strong>Doba parkov\u00e1n\u00ed<\/strong><\/td>\n<td><strong>Typ vozidla<\/strong><\/td>\n<td><strong>Cena v\u010d. DPH\u00a0 \u00a0 \u00a0\u00a0<\/strong><\/td>\n<\/tr>\n<tr>\n<td style=\"text-align: left;\">\u00a0<\/td>\n<td style=\"text-align: left;\">1 m\u011bs\u00edc<\/td>\n<td style=\"text-align: left;\">Osobn\u00ed automobil\/ Motocykl<\/td>\n<td style=\"text-align: center;\">4000,-K\u010c<\/td>\n<\/tr>\n<tr>\n<td>\u00a0<\/td>\n<td>1 m\u011bs\u00edc<\/td>\n<td>Dod\u00e1vka\/Van<\/td>\n<td style=\"text-align: center;\">4600,-K\u010c<\/td>\n<\/tr>\n<tr>\n<td style=\"text-align: left;\">Ostatn\u00ed platby<\/td>\n<td style=\"text-align: left;\">Ztr\u00e1ta park. karty<\/td>\n<td style=\"text-align: left;\">Pokuta<\/td>\n<td>\n<p style=\"text-align: center;\">1000,-K\u010c<\/p>\n<\/td>\n<\/tr>\n<\/tbody>\n<\/table>\n\n\n<p style=\"line-height:0\"><\/p>\n","protected":false},"excerpt":{"rendered":"<p>Parkovi\u0161t\u011b Praha 6 \u2013\u00a0(ulice\u00a0V\u00e1clavkova) t\u011bsn\u011b p\u0159il\u00e9h\u00e1 k zast\u00e1vce metra Hrad\u010dansk\u00e1 (1 min. ch\u016fze) \u00a0viz. Mapa\u00a0a nach\u00e1z\u00ed se 10 min. ch\u016fze od Pra\u017esk\u00e9ho hradu. Parkovi\u0161t\u011b poskytuje 100 parkovac\u00edch m\u00edst. Vjezd na parkovi\u0161t\u011b je z ulice V\u00e1clavkova.\u00a0 Parkovi\u0161t\u011b otev\u0159eno NON-STOP CEN\u00cdK PLATN\u00dd OD 1.1.2026 V P\u0158\u00cdPAD\u011a DOTAZ\u016e VOLEJTE NA 602 680 405 Kr\u00e1tkodob\u00e9parkov\u00e1n\u00ed Doba parkov\u00e1n\u00ed Typ vozidla &hellip; <\/p>\n<p class=\"link-more\"><a href=\"https:\/\/www.parkingcentrum.cz\/en\/\" class=\"more-link\">Continue reading<span class=\"screen-reader-text\"> &#8220;Parkovi\u0161t\u011b Hrad\u010dansk\u00e1 &#8211; Praha 6&#8221;<\/span><\/a><\/p>\n","protected":false},"author":2,"featured_media":0,"parent":0,"menu_order":0,"comment_status":"closed","ping_status":"closed","template":"","meta":{"footnotes":""},"class_list":["post-487","page","type-page","status-publish","hentry"],"translation":{"provider":"WPGlobus","version":"3.0.2","language":"en","enabled_languages":["cz","en","de","ru"],"languages":{"cz":{"title":true,"content":true,"excerpt":false},"en":{"title":false,"content":false,"excerpt":false},"de":{"title":false,"content":false,"excerpt":false},"ru":{"title":false,"content":false,"excerpt":false}}},"_links":{"self":[{"href":"https:\/\/www.parkingcentrum.cz\/en\/wp-json\/wp\/v2\/pages\/487","targetHints":{"allow":["GET"]}}],"collection":[{"href":"https:\/\/www.parkingcentrum.cz\/en\/wp-json\/wp\/v2\/pages"}],"about":[{"href":"https:\/\/www.parkingcentrum.cz\/en\/wp-json\/wp\/v2\/types\/page"}],"author":[{"embeddable":true,"href":"https:\/\/www.parkingcentrum.cz\/en\/wp-json\/wp\/v2\/users\/2"}],"replies":[{"embeddable":true,"href":"https:\/\/www.parkingcentrum.cz\/en\/wp-json\/wp\/v2\/comments?post=487"}],"version-history":[{"count":52,"href":"https:\/\/www.parkingcentrum.cz\/en\/wp-json\/wp\/v2\/pages\/487\/revisions"}],"predecessor-version":[{"id":1285,"href":"https:\/\/www.parkingcentrum.cz\/en\/wp-json\/wp\/v2\/pages\/487\/revisions\/1285"}],"wp:attachment":[{"href":"https:\/\/www.parkingcentrum.cz\/en\/wp-json\/wp\/v2\/media?parent=487"}],"curies":[{"name":"wp","href":"https:\/\/api.w.org\/{rel}","templated":true}]}}