{"id":635,"date":"2021-09-13T16:24:30","date_gmt":"2021-09-13T14:24:30","guid":{"rendered":"https:\/\/www.parkingcentrum.cz\/?page_id=635"},"modified":"2026-04-22T11:46:37","modified_gmt":"2026-04-22T09:46:37","slug":"parkovani-o2-arena","status":"publish","type":"page","link":"https:\/\/www.parkingcentrum.cz\/en\/parkovani-o2-arena\/","title":{"rendered":"Levn\u00e9 parkov\u00e1n\u00ed O2 ar\u00e9na  &#8211; Praha 9"},"content":{"rendered":"\n<p class=\"has-text-align-center has-black-color has-text-color has-link-color has-x-large-font-size wp-elements-8d68db3a50b58fcaba045f2b0953ebea\">NEJLEVN\u011aJ\u0160\u00cd MO\u017dNOST PARKOV\u00c1N\u00cd NA HL\u00cdDAN\u00c9M PARKOVI\u0160TI V BL\u00cdZKOSTI O2 AR\u00c9NY<\/p>\n\n\n\n<p class=\"has-text-align-center\">POHODLN\u00c9 A RYHL\u00c9 PARKOV\u00c1N\u00cd V BL\u00cdZKOSTI O2 AR\u00c9NY<\/p>\n\n\n\n<p class=\"has-text-align-center\">ADRESA PARKOV\u00c1N\u00cd P\u0158I AKC\u00cdCH V O2 AR\u00c9N\u011a:<\/p>\n\n\n\n<p class=\"has-text-align-center\"><strong><mark style=\"background-color:rgba(0, 0, 0, 0)\" class=\"has-inline-color has-vivid-red-color\"> POD\u011aBRADSK\u00c1 221\/3<\/mark><\/strong> VIZ. <a href=\"https:\/\/www.google.com\/maps\/@50.1021858,14.5053759,3a,75y,323.06h,71.27t\/data=!3m8!1e1!3m6!1sKJ6-DNvpBkaZgvhGdg1YvQ!2e0!5s20240801T000000!6shttps:%2F%2Fstreetviewpixels-pa.googleapis.com%2Fv1%2Fthumbnail%3Fcb_client%3Dmaps_sv.tactile%26w%3D900%26h%3D600%26pitch%3D18.729919313116696%26panoid%3DKJ6-DNvpBkaZgvhGdg1YvQ%26yaw%3D323.06014799441704!7i16384!8i8192?hl=cs-CZ&amp;coh=205410&amp;entry=ttu&amp;g_ep=EgoyMDI0MTAyOS4wIKXMDSoASAFQAw%3D%3D\" target=\"_blank\" rel=\"noreferrer noopener\"><strong>ODKAZ<\/strong><\/a> .<\/p>\n\n\n\n<p class=\"has-text-align-center\">POZN\u00c1VAC\u00cd ZNAMEN\u00cd JE ORAN\u017dOV\u00c1 \u0160KODA FELICIA NA PODSTAVCI. VJEZD DO ARE\u00c1LU JE HN\u011aDOU BR\u00c1NOU. PARKOVI\u0160T\u011a SE NACH\u00c1Z\u00cd 8 MINUT CH\u016eZE OD O2 AR\u00c9NY. <strong>VJEZD A V\u00ddJEZD Z&nbsp;PARKOVI\u0160T\u011a JE RYCHL\u00dd A ZCELA PLYNUL\u00dd<\/strong> (VYHNETE SE \u010cEK\u00c1N\u00cd VE FRONT\u011a NA VJEZD A V\u00ddJEZD V PARKOVAC\u00cdM DOM\u011a). CENA PARKOV\u00c1N\u00cd PO CELOU DOBU TRV\u00c1N\u00cd AKCE \u010cIN\u00cd 250 K\u010c. PLATBA PARKOVN\u00c9HO PROB\u00cdH\u00c1 P\u0158I P\u0158\u00cdJEZDU OBSLUZE PARKOVI\u0160T\u011a. PLATBA JE MO\u017dN\u00c1 POUZE V HOTOVOSTI.<\/p>\n\n\n\n<p class=\"has-text-align-center\"> D\u011aKUJEME ZA POCHOPEN\u00cd.<\/p>\n\n\n\n<hr class=\"wp-block-separator has-alpha-channel-opacity is-style-wide\"\/>\n\n\n\n<p class=\"has-text-align-center has-large-font-size\"><strong>REZERVACE ZAS\u00cdLEJTE NA EMAIL: <\/strong><a href=\"mailto:tomas@parkingcentrum.cz\"><strong><mark style=\"background-color:rgba(0, 0, 0, 0)\" class=\"has-inline-color has-vivid-red-color\">tomas@parkingcentrum.cz<\/mark><\/strong><\/a><\/p>\n\n\n\n<p class=\"has-text-align-center has-black-color has-text-color has-large-font-size\"><strong>V REZERVACI UVE\u010eTE <mark style=\"background-color:rgba(0, 0, 0, 0)\" class=\"has-inline-color has-vivid-red-color\">JM\u00c9NO<\/mark>, NA KTER\u00c9 PO\u017dADUJETE REZERVACI PROV\u00c9ST, <mark style=\"background-color:rgba(0, 0, 0, 0)\" class=\"has-inline-color has-vivid-red-color\">DATUM<\/mark> KON\u00c1N\u00cd AKCE A <mark style=\"background-color:rgba(0, 0, 0, 0)\" class=\"has-inline-color has-vivid-red-color\">N\u00c1ZEV AKCE<\/mark><\/strong><\/p>\n\n\n\n<p class=\"has-text-align-center\"><strong>POTVRZEN\u00cd REZERVACE V\u00c1M P\u0158IJDE NA EMAIL P\u00c1R HODIN PO ODESL\u00c1N\u00cd &#8211; NEJPOZD\u011aJI DO DRUH\u00c9HO DNE. PROS\u00cdM VY\u010cKEJTE A NEVOLEJTE IHNED PO ODESL\u00c1N\u00cd REZERVACE. D\u011aKUJEME ZA POCHOPEN\u00cd<\/strong><\/p>\n\n\n\n<p class=\"has-text-align-center has-vivid-red-color has-text-color\"><em><strong>PLATNOST REZERVACE KON\u010c\u00cd 30 MINUT P\u0158ED OFICI\u00c1LN\u00cdM ZA\u010c\u00c1TKEM AKCE. POT\u00c9 JI\u017d NEM\u016e\u017dEME GARANTOVAT ZAPARKOV\u00c1N\u00cd VOZIDLA.<\/strong><\/em><\/p>\n\n\n\n<hr class=\"wp-block-separator has-alpha-channel-opacity is-style-wide\"\/>\n\n\n\n<p class=\"has-text-align-center has-x-large-font-size\"><strong>AKCE NA ROK 2026 P\u0158I KTER\u00ddCH BUDE PARKOVI\u0160T\u011a OTEV\u0158EN\u00c9 S OBSLUHOU<\/strong><\/p>\n\n\n\n<hr class=\"wp-block-separator has-alpha-channel-opacity is-style-wide\"\/>\n\n\n\n<p class=\"has-text-align-center\" id=\"block-3005bded-d69f-4a36-b5fd-25ae1a18fe74\"><strong>V P\u0158\u00cdPAD\u011a, \u017dE NEN\u00cd VA\u0160E AKCE VYPS\u00c1NA NA SEZNAMU, JE MO\u017dN\u00c9 ZAPARKOVAT SAMOBSLU\u017dN\u011a NA Z\u00c1KLAD\u011a ZASL\u00c1N\u00cd P\u0158\u00cdSTUPOV\u00c9HO K\u00d3DU. PRO BLI\u017d\u0160\u00cd INFO N\u00c1S KONTAKTUJTE NA EMAIL: tomas@parkingcentrum.cz<\/strong><\/p>\n\n\n\n<p class=\"has-text-align-center\"><strong>KV\u011aTEN<\/strong><\/p>\n\n\n\n<p class=\"has-text-align-center\">4.5.2026 20:00 &#8211; ERIC CLAPTON<\/p>\n\n\n\n<p class=\"has-text-align-center\">15.5.2026 20:00 &#8211; \u0160TEFAN MARGITA a and\u011bl\u00e9 str\u00e1\u017en\u00ed \u2013 \u201e70\u201c<\/p>\n\n\n\n<p class=\"has-text-align-center\">16.5.2026 18:00 &#8211; Pok\u00e1\u010dova d\u011btsk\u00e1 O2 arena<\/p>\n\n\n\n<p class=\"has-text-align-center\">19.5.2026 20:00 &#8211; Flo Rida \u2013 Club Can\u2019t Handle Europe Tour<\/p>\n\n\n\n<p class=\"has-text-align-center\">27.5.2026 20:00 &#8211; NE-YO &amp; AKON: Nights Like This Tour 2026<\/p>\n\n\n\n<p class=\"has-text-align-center\">29.5.2026 19:30 &#8211; Andr\u00e9 Rieu in Prague 2026<\/p>\n\n\n\n<p class=\"has-text-align-center\">29.5.2026 20:00 &#8211; ELECTRO SYMPHONY &#8211; O2 UNIVERSUM<\/p>\n\n\n\n<p class=\"has-text-align-center\">30.5.2026 19:30 &#8211; Andr\u00e9 Rieu in Prague 2026<\/p>\n\n\n\n<p class=\"has-text-align-center\">30.5.2026 20:00 &#8211; ELECTRO SYMPHONY &#8211; O2 UNIVERSUM<\/p>\n\n\n\n<p class=\"has-text-align-center\">31.5.2026 20:00 &#8211; Conan Gray: Wishbone World Tour With Special Guest Esha Tewari<\/p>\n\n\n\n<hr class=\"wp-block-separator has-alpha-channel-opacity is-style-wide\"\/>\n\n\n\n<p class=\"has-text-align-center\"><strong>\u010cERVEN<\/strong><\/p>\n\n\n\n<p class=\"has-text-align-center\">9.6.2026 20:00 &#8211; EL\u00c1N &amp; Kamar\u00e1di<\/p>\n\n\n\n<p class=\"has-text-align-center\">24.6.2026 20:00 &#8211; DURAN DURAN <\/p>\n\n\n\n<p class=\"has-text-align-center\">29.6.2026 20:00 &#8211; RICKY MARTIN LIVE 2026<\/p>\n\n\n\n<hr class=\"wp-block-separator has-alpha-channel-opacity is-style-wide\"\/>\n\n\n\n<p class=\"has-text-align-center\"><strong>Z\u00c1\u0158\u00cd<\/strong><\/p>\n\n\n\n<p class=\"has-text-align-center\">23.9.2026 19:00 &#8211; The Pussycat Dolls: PCD FOREVER TOUR<\/p>\n\n\n\n<p class=\"has-text-align-center\">26.9.2026 20:00 &#8211; YZO O2 ARENA<\/p>\n\n\n\n<p class=\"has-text-align-center\">27.9.2026 20:00 &#8211; YZO O2 ARENA<\/p>\n\n\n\n<hr class=\"wp-block-separator has-alpha-channel-opacity is-style-wide\"\/>\n\n\n\n<p class=\"has-text-align-center\"><strong>\u0158\u00cdJEN<\/strong><\/p>\n\n\n\n<p class=\"has-text-align-center\">2.10.2026 18:00 &#8211; Boris Brejcha<\/p>\n\n\n\n<p class=\"has-text-align-center\">2.10.2026 20:00 &#8211; LUNETIC 30 LET II. &#8211; O2 UNIVERSUM<\/p>\n\n\n\n<p class=\"has-text-align-center\">7.10.2026 20:00 &#8211; Deep Purple<\/p>\n\n\n\n<p class=\"has-text-align-center\">10.10.2026 19:00 &#8211; MARIKA 70<\/p>\n\n\n\n<p class=\"has-text-align-center\">17.10.2026 18:00 &#8211; \u010cESK\u00dd MEJDAN S IMPULSEM 2026<\/p>\n\n\n\n<p class=\"has-text-align-center\">17.10.2026 20:00 &#8211; JAN BENDIG &#8211; O2 UNIVERSUM <\/p>\n\n\n\n<p class=\"has-text-align-center\">25.10.2026 19:30 &#8211; THE WORLD OF HANS ZIMMER \u2013 A New Dimension<\/p>\n\n\n\n<p class=\"has-text-align-center\">25.10.2026 19:00 &#8211; KPOP ALL STARS &#8211; O2 UNIVERSUM<\/p>\n\n\n\n<p class=\"has-text-align-center\">27.10.2026 21:00 &#8211; HALLOWEEN MADNESS<\/p>\n\n\n\n<p class=\"has-text-align-center\">27.10.2026 20:00 &#8211; Rock in Symphony \u2013 Legends Live Forever &#8211; O2 UNIVERSUM<\/p>\n\n\n\n<hr class=\"wp-block-separator has-alpha-channel-opacity is-style-wide\"\/>\n\n\n\n<p class=\"has-text-align-center\"><strong>LISTOPAD<\/strong><\/p>\n\n\n\n<p class=\"has-text-align-center\">10.11.2026 20:00 &#8211; KAB\u00c1T \u2013 TURN\u00c9 2026<\/p>\n\n\n\n<p class=\"has-text-align-center\">11.11.2026 20:00 &#8211; KAB\u00c1T \u2013 TURN\u00c9 2026<\/p>\n\n\n\n<p class=\"has-text-align-center\">11.11.2026 19:00 &#8211; Original Celebration Concert Ennio Morricone &amp; Andrea Morricone &#8211; O2 UNIVERSUM<\/p>\n\n\n\n<p class=\"has-text-align-center\">13.11.2026 20:00 &#8211; SIMA V O2 AREN\u011a<\/p>\n\n\n\n<p class=\"has-text-align-center\">14.11.2026 20:00 &#8211; Lord of the Dance 2026<\/p>\n\n\n\n<p class=\"has-text-align-center\">17.11.2026 20:00 &#8211; The Kid LAROI \u2013 A Perfect World Tour<\/p>\n\n\n\n<p class=\"has-text-align-center\">20.11.2026 20:00 &#8211; Martina P\u00e1rtlov\u00e1<\/p>\n\n\n\n<p class=\"has-text-align-center\">20.11.2026 20:00 &#8211; Retro Dance Party &#8211; O2 UNIVERSUM<\/p>\n\n\n\n<p class=\"has-text-align-center\">21.11.2026 19:00 &#8211; RADIO KISS MILLENNIUM EXPLOSION \u2013 LIVE SHOW<\/p>\n\n\n\n<p class=\"has-text-align-center\">21.11.2026 20:00 &#8211; KRISTI\u00c1N \u0160EBEK \u2013 M\u016fj vzor, Bo\u017esk\u00fd Karel &#8211; O2 UNIVERSUM <\/p>\n\n\n\n<hr class=\"wp-block-separator has-alpha-channel-opacity is-style-wide\"\/>\n\n\n\n<p class=\"has-text-align-center\"><strong>PROSINEC<\/strong><\/p>\n\n\n\n<p class=\"has-text-align-center\">12.12.2026 20:00 &#8211; NO NAME 30<\/p>\n\n\n\n<p class=\"has-text-align-center\">13.12.2026 20:00 &#8211; Bryan Adams \u2013 ROLL WITH THE PUNCHES<\/p>\n\n\n\n<p class=\"has-text-align-center\">13.12.2026 19:00 &#8211; SIMONA \u2013&nbsp;tich\u00e1 noc &#8211; O2 Universum<\/p>\n\n\n\n<p class=\"has-text-align-center\">19.12.2026 13:30 &#8211; FMX GLADIATOR GAMES 2026<\/p>\n\n\n\n<p class=\"has-text-align-center\">19.12.2026 19:00 &#8211; FMX GLADIATOR GAMES 2026<\/p>\n\n\n\n<p class=\"has-text-align-center\"><\/p>\n","protected":false},"excerpt":{"rendered":"<p>NEJLEVN\u011aJ\u0160\u00cd MO\u017dNOST PARKOV\u00c1N\u00cd NA HL\u00cdDAN\u00c9M PARKOVI\u0160TI V BL\u00cdZKOSTI O2 AR\u00c9NY POHODLN\u00c9 A RYHL\u00c9 PARKOV\u00c1N\u00cd V BL\u00cdZKOSTI O2 AR\u00c9NY ADRESA PARKOV\u00c1N\u00cd P\u0158I AKC\u00cdCH V O2 AR\u00c9N\u011a: POD\u011aBRADSK\u00c1 221\/3 VIZ. ODKAZ . POZN\u00c1VAC\u00cd ZNAMEN\u00cd JE ORAN\u017dOV\u00c1 \u0160KODA FELICIA NA PODSTAVCI. VJEZD DO ARE\u00c1LU JE HN\u011aDOU BR\u00c1NOU. PARKOVI\u0160T\u011a SE NACH\u00c1Z\u00cd 8 MINUT CH\u016eZE OD O2 AR\u00c9NY. VJEZD A &hellip; <\/p>\n<p class=\"link-more\"><a href=\"https:\/\/www.parkingcentrum.cz\/en\/parkovani-o2-arena\/\" class=\"more-link\">Continue reading<span class=\"screen-reader-text\"> &#8220;Levn\u00e9 parkov\u00e1n\u00ed O2 ar\u00e9na  &#8211; Praha 9&#8221;<\/span><\/a><\/p>\n","protected":false},"author":2,"featured_media":1204,"parent":0,"menu_order":0,"comment_status":"closed","ping_status":"closed","template":"","meta":{"footnotes":""},"class_list":["post-635","page","type-page","status-publish","has-post-thumbnail","hentry"],"translation":{"provider":"WPGlobus","version":"3.0.2","language":"en","enabled_languages":["cz","en","de","ru"],"languages":{"cz":{"title":true,"content":true,"excerpt":false},"en":{"title":false,"content":false,"excerpt":false},"de":{"title":false,"content":false,"excerpt":false},"ru":{"title":false,"content":false,"excerpt":false}}},"_links":{"self":[{"href":"https:\/\/www.parkingcentrum.cz\/en\/wp-json\/wp\/v2\/pages\/635","targetHints":{"allow":["GET"]}}],"collection":[{"href":"https:\/\/www.parkingcentrum.cz\/en\/wp-json\/wp\/v2\/pages"}],"about":[{"href":"https:\/\/www.parkingcentrum.cz\/en\/wp-json\/wp\/v2\/types\/page"}],"author":[{"embeddable":true,"href":"https:\/\/www.parkingcentrum.cz\/en\/wp-json\/wp\/v2\/users\/2"}],"replies":[{"embeddable":true,"href":"https:\/\/www.parkingcentrum.cz\/en\/wp-json\/wp\/v2\/comments?post=635"}],"version-history":[{"count":286,"href":"https:\/\/www.parkingcentrum.cz\/en\/wp-json\/wp\/v2\/pages\/635\/revisions"}],"predecessor-version":[{"id":1332,"href":"https:\/\/www.parkingcentrum.cz\/en\/wp-json\/wp\/v2\/pages\/635\/revisions\/1332"}],"wp:featuredmedia":[{"embeddable":true,"href":"https:\/\/www.parkingcentrum.cz\/en\/wp-json\/wp\/v2\/media\/1204"}],"wp:attachment":[{"href":"https:\/\/www.parkingcentrum.cz\/en\/wp-json\/wp\/v2\/media?parent=635"}],"curies":[{"name":"wp","href":"https:\/\/api.w.org\/{rel}","templated":true}]}}