{"id":8,"date":"2019-01-11T14:49:24","date_gmt":"2019-01-11T13:49:24","guid":{"rendered":"https:\/\/test.parkingcentrum.cz\/?page_id=8"},"modified":"2023-03-17T15:13:53","modified_gmt":"2023-03-17T14:13:53","slug":"domu","status":"publish","type":"page","link":"https:\/\/www.parkingcentrum.cz\/en\/domu\/","title":{"rendered":"ABOUT US"},"content":{"rendered":"<p>BROKBEST Praha spol. s.r.o. is the operator of parking lots located in Prague 7 nearby Hole\u0161ovice railway station and subway line C and in Prague 9, subway line B (close to O2 Arena) Parking lots are non stop guarded and the both offer short term or long term parking for cars, lorries and buses. Short term parking is suppose to be no more than 30days consecutive. The places are not personalized.<\/p>\n<p><strong>Operating time non stop.<\/strong><\/p>\n<p><strong>Parking lot \u201ePrague 7<\/strong> \u2013 Jankovcova\u201c is located 2 minutes by walk from Hole\u0161ovice railway station and subway line C \u2013 Hole\u0161ovice. Entrance to parking is from Jankovcova street <a title=\"parking - Hole\u0161ovice\" href=\"https:\/\/maps.google.cz\/maps?q=Jankovcova,+Hole%C5%A1ovice,+Praha-Praha+7&amp;hl=cs&amp;ie=UTF8&amp;ll=50.108621,14.442494&amp;spn=0.004569,0.011351&amp;sll=50.05967,14.465624&amp;sspn=0.292703,0.726471&amp;oq=Jankovcova&amp;t=h&amp;brcurrent=5,0,0&amp;hq=Jankovcova,&amp;hnear=Hole%C5%A1ovice,+Praha&amp;z=17&amp;layer=c&amp;cbll=50.108713,14.442607&amp;panoid=mZomQSRIPOFO0ERIcTZ3iw&amp;cbp=12,162.42,,0,0\">see map<\/a>. There are more than 30 parking places for cars and buses.<\/p>\n<p><strong>Parking lot \u201ePrague 9<\/strong><span style=\"display: inline !important; float: none; background-color: #ffffff; color: #333333; cursor: text; font-family: 'Libre Franklin','Helvetica Neue',helvetica,arial,sans-serif; font-size: 16px; font-style: normal; font-variant: normal; font-weight: 400; letter-spacing: normal; orphans: 2; text-align: left; text-decoration: none; text-indent: 0px; text-transform: none; -webkit-text-stroke-width: 0px; white-space: normal; word-spacing: 0px;\"> \u2013 Jankovcova\u201c is located 10 minutes by walk from \u010ceskomoravsk\u00e1 subway Line C (close to O2 Arena) Entrance to parking is from Star\u00e1 Spojovac\u00ed street .<\/span><span style=\"display: inline !important; float: none; background-color: #ffffff; color: #333333; cursor: text; font-family: 'Libre Franklin','Helvetica Neue',helvetica,arial,sans-serif; font-size: 16px; font-style: normal; font-variant: normal; font-weight: 400; letter-spacing: normal; orphans: 2; text-align: left; text-decoration: none; text-indent: 0px; text-transform: none; -webkit-text-stroke-width: 0px; white-space: normal; word-spacing: 0px;\"> There are more than 30 parking places for cars and buses.<\/span><\/p>\n","protected":false},"excerpt":{"rendered":"<p>BROKBEST Praha spol. s.r.o. is the operator of parking lots located in Prague 7 nearby Hole\u0161ovice railway station and subway line C and in Prague 9, subway line B (close to O2 Arena) Parking lots are non stop guarded and the both offer short term or long term parking for cars, lorries and buses. Short &hellip; <\/p>\n<p class=\"link-more\"><a href=\"https:\/\/www.parkingcentrum.cz\/en\/domu\/\" class=\"more-link\">Continue reading<span class=\"screen-reader-text\"> &#8220;ABOUT US&#8221;<\/span><\/a><\/p>\n","protected":false},"author":1,"featured_media":0,"parent":0,"menu_order":0,"comment_status":"closed","ping_status":"closed","template":"","meta":{"footnotes":""},"class_list":["post-8","page","type-page","status-publish","hentry"],"translation":{"provider":"WPGlobus","version":"3.0.2","language":"en","enabled_languages":["cz","en","de","ru"],"languages":{"cz":{"title":true,"content":true,"excerpt":false},"en":{"title":true,"content":true,"excerpt":false},"de":{"title":true,"content":true,"excerpt":false},"ru":{"title":true,"content":true,"excerpt":false}}},"_links":{"self":[{"href":"https:\/\/www.parkingcentrum.cz\/en\/wp-json\/wp\/v2\/pages\/8","targetHints":{"allow":["GET"]}}],"collection":[{"href":"https:\/\/www.parkingcentrum.cz\/en\/wp-json\/wp\/v2\/pages"}],"about":[{"href":"https:\/\/www.parkingcentrum.cz\/en\/wp-json\/wp\/v2\/types\/page"}],"author":[{"embeddable":true,"href":"https:\/\/www.parkingcentrum.cz\/en\/wp-json\/wp\/v2\/users\/1"}],"replies":[{"embeddable":true,"href":"https:\/\/www.parkingcentrum.cz\/en\/wp-json\/wp\/v2\/comments?post=8"}],"version-history":[{"count":65,"href":"https:\/\/www.parkingcentrum.cz\/en\/wp-json\/wp\/v2\/pages\/8\/revisions"}],"predecessor-version":[{"id":894,"href":"https:\/\/www.parkingcentrum.cz\/en\/wp-json\/wp\/v2\/pages\/8\/revisions\/894"}],"wp:attachment":[{"href":"https:\/\/www.parkingcentrum.cz\/en\/wp-json\/wp\/v2\/media?parent=8"}],"curies":[{"name":"wp","href":"https:\/\/api.w.org\/{rel}","templated":true}]}}