{"id":10,"date":"2019-01-11T14:49:25","date_gmt":"2019-01-11T13:49:25","guid":{"rendered":"https:\/\/test.parkingcentrum.cz\/?page_id=10"},"modified":"2022-07-11T23:54:54","modified_gmt":"2022-07-11T21:54:54","slug":"kontakt","status":"publish","type":"page","link":"https:\/\/www.parkingcentrum.cz\/ru\/kontakt\/","title":{"rendered":"."},"content":{"rendered":"<pre>PROVOZN\u00cd \u0158EDITEL - REZERVACE A PROVOZ\r\nTOM\u00c1\u0160 MAT\u011aJKA\r\nTEL: +420 602 680 405\r\nE-MAIL: <a href=\"mailto:tomas@parkingcentrum.cz\">tomas@parkingcentrum.cz<\/a>\r\n\r\nJEDNATEL - Brokbest Praha SPOL. s.r.o.\r\nKAREL MAT\u011aJKA\r\n\r\nFAKTURACE - Brokbest Praha SPOL. s.r.o.\r\nTEL: +420 602 680 443 \r\n<a href=\"mailto:brokbest@iol.cz\">brokbest@iol.cz<\/a> \r\n<a href=\"mailto:ucto@parkingcentrum.cz\">ucto@parkingcentrum.cz<\/a>\r\n\r\nOSTATN\u00cd DOTAZY\r\n<a href=\"mailto:info@parkingcentrum.cz\">info@parkingcentrum.cz<\/a>\r\n\r\n<\/pre>\n","protected":false},"excerpt":{"rendered":"<p>PROVOZN\u00cd \u0158EDITEL &#8211; REZERVACE A PROVOZ TOM\u00c1\u0160 MAT\u011aJKA TEL: +420 602 680 405 E-MAIL: tomas@parkingcentrum.cz JEDNATEL &#8211; Brokbest Praha SPOL. s.r.o. KAREL MAT\u011aJKA FAKTURACE &#8211; Brokbest Praha SPOL. s.r.o. TEL: +420 602 680 443 brokbest@iol.cz ucto@parkingcentrum.cz OSTATN\u00cd DOTAZY info@parkingcentrum.cz<\/p>\n","protected":false},"author":1,"featured_media":0,"parent":0,"menu_order":0,"comment_status":"closed","ping_status":"closed","template":"","meta":{"footnotes":""},"class_list":["post-10","page","type-page","status-publish","hentry"],"translation":{"provider":"WPGlobus","version":"3.0.2","language":"ru","enabled_languages":["cz","en","de","ru"],"languages":{"cz":{"title":true,"content":true,"excerpt":false},"en":{"title":true,"content":true,"excerpt":false},"de":{"title":true,"content":false,"excerpt":false},"ru":{"title":true,"content":false,"excerpt":false}}},"_links":{"self":[{"href":"https:\/\/www.parkingcentrum.cz\/ru\/wp-json\/wp\/v2\/pages\/10","targetHints":{"allow":["GET"]}}],"collection":[{"href":"https:\/\/www.parkingcentrum.cz\/ru\/wp-json\/wp\/v2\/pages"}],"about":[{"href":"https:\/\/www.parkingcentrum.cz\/ru\/wp-json\/wp\/v2\/types\/page"}],"author":[{"embeddable":true,"href":"https:\/\/www.parkingcentrum.cz\/ru\/wp-json\/wp\/v2\/users\/1"}],"replies":[{"embeddable":true,"href":"https:\/\/www.parkingcentrum.cz\/ru\/wp-json\/wp\/v2\/comments?post=10"}],"version-history":[{"count":25,"href":"https:\/\/www.parkingcentrum.cz\/ru\/wp-json\/wp\/v2\/pages\/10\/revisions"}],"predecessor-version":[{"id":812,"href":"https:\/\/www.parkingcentrum.cz\/ru\/wp-json\/wp\/v2\/pages\/10\/revisions\/812"}],"wp:attachment":[{"href":"https:\/\/www.parkingcentrum.cz\/ru\/wp-json\/wp\/v2\/media?parent=10"}],"curies":[{"name":"wp","href":"https:\/\/api.w.org\/{rel}","templated":true}]}}