{"id":1195,"date":"2025-04-14T13:17:38","date_gmt":"2025-04-14T11:17:38","guid":{"rendered":"https:\/\/www.parkingcentrum.cz\/?page_id=1195"},"modified":"2025-10-29T14:04:09","modified_gmt":"2025-10-29T13:04:09","slug":"dlouhodobe-parkovani-praha-9-harfa","status":"publish","type":"page","link":"https:\/\/www.parkingcentrum.cz\/ru\/dlouhodobe-parkovani-praha-9-harfa\/","title":{"rendered":"DLOUHODOB\u00c9 PARKOV\u00c1N\u00cd PRAHA 9 &#8211; POD\u011aBRADSK\u00c1"},"content":{"rendered":"<h4 style=\"text-align: center;\"><span data-mce-type=\"bookmark\" style=\"display: inline-block; width: 0px; overflow: hidden; line-height: 0;\" class=\"mce_SELRES_start\">\ufeff<\/span>NAB\u00cdZ\u00cdME K PRON\u00c1JMU PARKOVAC\u00cd M\u00cdSTA NA DLOUHODOB\u00c9 PARKOV\u00c1N\u00cd V PRAZE 9 &#8211; POD\u011aBRADSK\u00c1 &#8211; CENA ZA M\u011aS\u00cd\u010cN\u00cd PARKOV\u00c1N\u00cd PRO OSOBN\u00cd AUTOMOBIL \u010cIN\u00cd 1500 K\u010c V\u010c. DPH<\/h4>\n<p style=\"text-align: center;\">PARKOVI\u0160T\u011a SE NACH\u00c1Z\u00cd V UZAV\u0158EN\u00c9M ARE\u00c1LU S KAMEROV\u00ddM SYST\u00c9MEM.<\/p>\n<p style=\"text-align: center;\"><strong><a href=\"https:\/\/maps.app.goo.gl\/QUraSKRp85crNQ5w5\">ADRESA: POD\u011aBRADSK\u00c1 221\/3, PRAHA 9<\/a><\/strong><\/p>\n<p style=\"text-align: center;\">V P\u0158\u00cdPAD\u011a Z\u00c1JMU A DAL\u0160\u00cdCH DOTAZ\u016e VOLEJTE TEL: 602680405<\/p>\n<p><span data-mce-type=\"bookmark\" style=\"display: inline-block; width: 0px; overflow: hidden; line-height: 0;\" class=\"mce_SELRES_start\">\ufeff<\/span><\/p>\n","protected":false},"excerpt":{"rendered":"<p>\ufeffNAB\u00cdZ\u00cdME K PRON\u00c1JMU PARKOVAC\u00cd M\u00cdSTA NA DLOUHODOB\u00c9 PARKOV\u00c1N\u00cd V PRAZE 9 &#8211; POD\u011aBRADSK\u00c1 &#8211; CENA ZA M\u011aS\u00cd\u010cN\u00cd PARKOV\u00c1N\u00cd PRO OSOBN\u00cd AUTOMOBIL \u010cIN\u00cd 1500 K\u010c V\u010c. DPH PARKOVI\u0160T\u011a SE NACH\u00c1Z\u00cd V UZAV\u0158EN\u00c9M ARE\u00c1LU S KAMEROV\u00ddM SYST\u00c9MEM. ADRESA: POD\u011aBRADSK\u00c1 221\/3, PRAHA 9 V P\u0158\u00cdPAD\u011a Z\u00c1JMU A DAL\u0160\u00cdCH DOTAZ\u016e VOLEJTE TEL: 602680405 \ufeff<\/p>\n","protected":false},"author":2,"featured_media":1225,"parent":0,"menu_order":0,"comment_status":"closed","ping_status":"closed","template":"","meta":{"footnotes":""},"class_list":["post-1195","page","type-page","status-publish","has-post-thumbnail","hentry"],"translation":{"provider":"WPGlobus","version":"3.0.2","language":"ru","enabled_languages":["cz","en","de","ru"],"languages":{"cz":{"title":true,"content":true,"excerpt":false},"en":{"title":false,"content":false,"excerpt":false},"de":{"title":false,"content":false,"excerpt":false},"ru":{"title":false,"content":false,"excerpt":false}}},"_links":{"self":[{"href":"https:\/\/www.parkingcentrum.cz\/ru\/wp-json\/wp\/v2\/pages\/1195","targetHints":{"allow":["GET"]}}],"collection":[{"href":"https:\/\/www.parkingcentrum.cz\/ru\/wp-json\/wp\/v2\/pages"}],"about":[{"href":"https:\/\/www.parkingcentrum.cz\/ru\/wp-json\/wp\/v2\/types\/page"}],"author":[{"embeddable":true,"href":"https:\/\/www.parkingcentrum.cz\/ru\/wp-json\/wp\/v2\/users\/2"}],"replies":[{"embeddable":true,"href":"https:\/\/www.parkingcentrum.cz\/ru\/wp-json\/wp\/v2\/comments?post=1195"}],"version-history":[{"count":14,"href":"https:\/\/www.parkingcentrum.cz\/ru\/wp-json\/wp\/v2\/pages\/1195\/revisions"}],"predecessor-version":[{"id":1260,"href":"https:\/\/www.parkingcentrum.cz\/ru\/wp-json\/wp\/v2\/pages\/1195\/revisions\/1260"}],"wp:featuredmedia":[{"embeddable":true,"href":"https:\/\/www.parkingcentrum.cz\/ru\/wp-json\/wp\/v2\/media\/1225"}],"wp:attachment":[{"href":"https:\/\/www.parkingcentrum.cz\/ru\/wp-json\/wp\/v2\/media?parent=1195"}],"curies":[{"name":"wp","href":"https:\/\/api.w.org\/{rel}","templated":true}]}}